{"id":465,"date":"2016-09-27T14:57:56","date_gmt":"2016-09-27T14:57:56","guid":{"rendered":"http:\/\/fitness2.mythemecloud.io\/?page_id=465"},"modified":"2025-06-17T14:06:31","modified_gmt":"2025-06-17T14:06:31","slug":"gallery","status":"publish","type":"page","link":"https:\/\/prostarrst.rs\/?page_id=465","title":{"rendered":"Gallery"},"content":{"rendered":"<h2>Galerie<\/h2>\n<h2>Genie\u00dfe dein Oase unter den Palmen<br \/>\n<\/h2>\n<p>Sitz dich allein oder mit deine zweite h\u00e4fte, allein oder mit deinen Kollegen unter die Freiburger Oase, unter Palmen.<\/p>\n<p>\t\t\t\t\t\t\t\t\t\t\t\t\t\t\t<img loading=\"lazy\" decoding=\"async\" width=\"1536\" height=\"2048\" src=\"https:\/\/prostarrst.rs\/wp-content\/uploads\/2025\/06\/fc005ae1-f079-48cf-8552-c9ab517b3b3a.jpg\" alt=\"\" srcset=\"https:\/\/prostarrst.rs\/wp-content\/uploads\/2025\/06\/fc005ae1-f079-48cf-8552-c9ab517b3b3a.jpg 1536w, https:\/\/prostarrst.rs\/wp-content\/uploads\/2025\/06\/fc005ae1-f079-48cf-8552-c9ab517b3b3a-225x300.jpg 225w, https:\/\/prostarrst.rs\/wp-content\/uploads\/2025\/06\/fc005ae1-f079-48cf-8552-c9ab517b3b3a-768x1024.jpg 768w, https:\/\/prostarrst.rs\/wp-content\/uploads\/2025\/06\/fc005ae1-f079-48cf-8552-c9ab517b3b3a-1152x1536.jpg 1152w\" sizes=\"auto, (max-width: 1536px) 100vw, 1536px\" \/>\t\t\t\t\t\t\t\t\t\t\t\t\t\t\t<\/p>\n<h2>Ein angenehmer Balkanischer Vibe<br \/>\n<\/h2>\n<p><em>Durch unsere Balkanische Musik, oder andere sorte von musik nach deinen W\u00fcnschen, nimm ein Platz und sitz dich bequem<\/em><\/p>\n<p>\t\t\t\t\t\t\t\t\t\t\t\t\t\t\t<img loading=\"lazy\" decoding=\"async\" width=\"1536\" height=\"2048\" src=\"https:\/\/prostarrst.rs\/wp-content\/uploads\/2025\/06\/1640acd0-84a8-4c91-874e-3ef185266405.jpg\" alt=\"\" srcset=\"https:\/\/prostarrst.rs\/wp-content\/uploads\/2025\/06\/1640acd0-84a8-4c91-874e-3ef185266405.jpg 1536w, https:\/\/prostarrst.rs\/wp-content\/uploads\/2025\/06\/1640acd0-84a8-4c91-874e-3ef185266405-225x300.jpg 225w, https:\/\/prostarrst.rs\/wp-content\/uploads\/2025\/06\/1640acd0-84a8-4c91-874e-3ef185266405-768x1024.jpg 768w, https:\/\/prostarrst.rs\/wp-content\/uploads\/2025\/06\/1640acd0-84a8-4c91-874e-3ef185266405-1152x1536.jpg 1152w\" sizes=\"auto, (max-width: 1536px) 100vw, 1536px\" \/>\t\t\t\t\t\t\t\t\t\t\t\t\t\t\t<\/p>\n<h2>Ein stressige arbeitsag?<br \/>\n<\/h2>\n<p><em>W\u00e4hl dir dein liqu\u00f6r, dein gift und lass deine nerven weg laufen aus der t\u00fcr durch unsere grosse auswahl von Alkohol<\/em><\/p>\n<p>\t\t\t\t\t\t\t\t\t\t\t\t\t\t\t<img loading=\"lazy\" decoding=\"async\" width=\"1536\" height=\"2048\" src=\"https:\/\/prostarrst.rs\/wp-content\/uploads\/2025\/06\/WhatsApp-Image-2025-06-09-at-15.19.04_f81387f1-1.jpg\" alt=\"\" srcset=\"https:\/\/prostarrst.rs\/wp-content\/uploads\/2025\/06\/WhatsApp-Image-2025-06-09-at-15.19.04_f81387f1-1.jpg 1536w, https:\/\/prostarrst.rs\/wp-content\/uploads\/2025\/06\/WhatsApp-Image-2025-06-09-at-15.19.04_f81387f1-1-225x300.jpg 225w, https:\/\/prostarrst.rs\/wp-content\/uploads\/2025\/06\/WhatsApp-Image-2025-06-09-at-15.19.04_f81387f1-1-768x1024.jpg 768w, https:\/\/prostarrst.rs\/wp-content\/uploads\/2025\/06\/WhatsApp-Image-2025-06-09-at-15.19.04_f81387f1-1-1152x1536.jpg 1152w\" sizes=\"auto, (max-width: 1536px) 100vw, 1536px\" \/>\t\t\t\t\t\t\t\t\t\t\t\t\t\t\t<\/p>\n<h2>Ob du sport schauen kannst?<\/h2>\n<p><em>Nat\u00fcrlich ja, wie du es germerckt hast, sind wir eine Bar mit eine Balkanische atmosphere aber vor allem, sind wir eine Sport Bar.<\/em><\/p>\n<p>\t\t\t\t\t\t\t\t\t\t\t\t\t\t\t<img loading=\"lazy\" decoding=\"async\" width=\"768\" height=\"1024\" src=\"https:\/\/prostarrst.rs\/wp-content\/uploads\/2025\/06\/a218fcde-7dc9-4e4d-8b28-a19c5c7ed60a-1-768x1024.jpeg\" alt=\"\" srcset=\"https:\/\/prostarrst.rs\/wp-content\/uploads\/2025\/06\/a218fcde-7dc9-4e4d-8b28-a19c5c7ed60a-1-768x1024.jpeg 768w, https:\/\/prostarrst.rs\/wp-content\/uploads\/2025\/06\/a218fcde-7dc9-4e4d-8b28-a19c5c7ed60a-1-225x300.jpeg 225w, https:\/\/prostarrst.rs\/wp-content\/uploads\/2025\/06\/a218fcde-7dc9-4e4d-8b28-a19c5c7ed60a-1-1152x1536.jpeg 1152w, https:\/\/prostarrst.rs\/wp-content\/uploads\/2025\/06\/a218fcde-7dc9-4e4d-8b28-a19c5c7ed60a-1.jpeg 1536w\" sizes=\"auto, (max-width: 768px) 100vw, 768px\" \/>\t\t\t\t\t\t\t\t\t\t\t\t\t\t\t<\/p>\n<h2>Was? Haben wir genug platz?<br \/>\n<\/h2>\n<p><em>2 Terassen, und 2 Seiten drinnen haben wir an zu bieten, genau das was du brauchst f\u00fcr eine Balkan Party, lass uns die n\u00e4chste Party planen.<\/em><\/p>\n<p>\t\t\t\t\t\t\t\t\t\t\t\t\t\t\t<img loading=\"lazy\" decoding=\"async\" width=\"768\" height=\"1024\" src=\"https:\/\/prostarrst.rs\/wp-content\/uploads\/2025\/06\/WhatsApp-Image-2025-06-09-at-15.19.03_188ef1c5-768x1024.jpg\" alt=\"\" srcset=\"https:\/\/prostarrst.rs\/wp-content\/uploads\/2025\/06\/WhatsApp-Image-2025-06-09-at-15.19.03_188ef1c5-768x1024.jpg 768w, https:\/\/prostarrst.rs\/wp-content\/uploads\/2025\/06\/WhatsApp-Image-2025-06-09-at-15.19.03_188ef1c5-225x300.jpg 225w, https:\/\/prostarrst.rs\/wp-content\/uploads\/2025\/06\/WhatsApp-Image-2025-06-09-at-15.19.03_188ef1c5-1152x1536.jpg 1152w, https:\/\/prostarrst.rs\/wp-content\/uploads\/2025\/06\/WhatsApp-Image-2025-06-09-at-15.19.03_188ef1c5.jpg 1536w\" sizes=\"auto, (max-width: 768px) 100vw, 768px\" \/>\t\t\t\t\t\t\t\t\t\t\t\t\t\t\t<\/p>\n<h2>Brauchst du ein Ohr, das dir zuh\u00f6rt?<\/h2>\n<p><em>Erz\u00e4hl uns von deinem Tag, setz dich einfach in die N\u00e4he unseres Teams und genie\u00dfe ein Glas in guter Gesellschaft!<\/em><\/p>\n<p>\t\t\t\t\t\t\t\t\t\t\t\t\t\t\t<img loading=\"lazy\" decoding=\"async\" width=\"1536\" height=\"2048\" src=\"https:\/\/prostarrst.rs\/wp-content\/uploads\/2025\/06\/WhatsApp-Image-2025-06-09-at-15.19.03_f1b36237.jpg\" alt=\"\" srcset=\"https:\/\/prostarrst.rs\/wp-content\/uploads\/2025\/06\/WhatsApp-Image-2025-06-09-at-15.19.03_f1b36237.jpg 1536w, https:\/\/prostarrst.rs\/wp-content\/uploads\/2025\/06\/WhatsApp-Image-2025-06-09-at-15.19.03_f1b36237-225x300.jpg 225w, https:\/\/prostarrst.rs\/wp-content\/uploads\/2025\/06\/WhatsApp-Image-2025-06-09-at-15.19.03_f1b36237-768x1024.jpg 768w, https:\/\/prostarrst.rs\/wp-content\/uploads\/2025\/06\/WhatsApp-Image-2025-06-09-at-15.19.03_f1b36237-1152x1536.jpg 1152w\" sizes=\"auto, (max-width: 1536px) 100vw, 1536px\" \/>\t\t\t\t\t\t\t\t\t\t\t\t\t\t\t<\/p>\n<h2>Du willst das sch\u00f6ne Wetter bei einem Getr\u00e4nk genie\u00dfen?<br \/>\n<\/h2>\n<p><em>Unsere zweite <\/em><em>Terrasse bietet dir genau das:<\/em><br \/><em>viel Platz, angenehme Atmosph\u00e4re und <\/em><em>Raum f\u00fcr dich und deine Kollegen.<\/em><\/p>\n<p>\t\t\t\t\t\t\t\t\t\t\t\t\t\t\t<img loading=\"lazy\" decoding=\"async\" width=\"1536\" height=\"2048\" src=\"https:\/\/prostarrst.rs\/wp-content\/uploads\/2025\/06\/WhatsApp-Image-2025-06-09-at-15.19.03_25c82654-1.jpg\" alt=\"\" srcset=\"https:\/\/prostarrst.rs\/wp-content\/uploads\/2025\/06\/WhatsApp-Image-2025-06-09-at-15.19.03_25c82654-1.jpg 1536w, https:\/\/prostarrst.rs\/wp-content\/uploads\/2025\/06\/WhatsApp-Image-2025-06-09-at-15.19.03_25c82654-1-225x300.jpg 225w, https:\/\/prostarrst.rs\/wp-content\/uploads\/2025\/06\/WhatsApp-Image-2025-06-09-at-15.19.03_25c82654-1-768x1024.jpg 768w, https:\/\/prostarrst.rs\/wp-content\/uploads\/2025\/06\/WhatsApp-Image-2025-06-09-at-15.19.03_25c82654-1-1152x1536.jpg 1152w\" sizes=\"auto, (max-width: 1536px) 100vw, 1536px\" \/><\/p>\n","protected":false},"excerpt":{"rendered":"<p>Galerie Genie\u00dfe dein Oase unter den Palmen Sitz dich allein oder mit deine zweite h\u00e4fte, allein oder mit deinen Kollegen unter die Freiburger Oase, unter Palmen. Ein angenehmer Balkanischer Vibe Durch unsere Balkanische Musik, oder andere sorte von musik nach deinen W\u00fcnschen, nimm ein Platz und sitz dich bequem Ein stressige arbeitsag? W\u00e4hl dir dein [&hellip;]<\/p>\n","protected":false},"author":1,"featured_media":0,"parent":0,"menu_order":0,"comment_status":"closed","ping_status":"closed","template":"","meta":{"ocean_post_layout":"full-width","ocean_both_sidebars_style":"","ocean_both_sidebars_content_width":0,"ocean_both_sidebars_sidebars_width":0,"ocean_sidebar":"","ocean_second_sidebar":"","ocean_disable_margins":"enable","ocean_add_body_class":"","ocean_shortcode_before_top_bar":"","ocean_shortcode_after_top_bar":"","ocean_shortcode_before_header":"","ocean_shortcode_after_header":"","ocean_has_shortcode":"","ocean_shortcode_after_title":"","ocean_shortcode_before_footer_widgets":"","ocean_shortcode_after_footer_widgets":"","ocean_shortcode_before_footer_bottom":"","ocean_shortcode_after_footer_bottom":"","ocean_display_top_bar":"default","ocean_display_header":"default","ocean_header_style":"","ocean_center_header_left_menu":"","ocean_custom_header_template":"","ocean_custom_logo":0,"ocean_custom_retina_logo":0,"ocean_custom_logo_max_width":0,"ocean_custom_logo_tablet_max_width":0,"ocean_custom_logo_mobile_max_width":0,"ocean_custom_logo_max_height":0,"ocean_custom_logo_tablet_max_height":0,"ocean_custom_logo_mobile_max_height":0,"ocean_header_custom_menu":"","ocean_menu_typo_font_family":"","ocean_menu_typo_font_subset":"","ocean_menu_typo_font_size":0,"ocean_menu_typo_font_size_tablet":0,"ocean_menu_typo_font_size_mobile":0,"ocean_menu_typo_font_size_unit":"px","ocean_menu_typo_font_weight":"","ocean_menu_typo_font_weight_tablet":"","ocean_menu_typo_font_weight_mobile":"","ocean_menu_typo_transform":"","ocean_menu_typo_transform_tablet":"","ocean_menu_typo_transform_mobile":"","ocean_menu_typo_line_height":0,"ocean_menu_typo_line_height_tablet":0,"ocean_menu_typo_line_height_mobile":0,"ocean_menu_typo_line_height_unit":"","ocean_menu_typo_spacing":0,"ocean_menu_typo_spacing_tablet":0,"ocean_menu_typo_spacing_mobile":0,"ocean_menu_typo_spacing_unit":"","ocean_menu_link_color":"","ocean_menu_link_color_hover":"","ocean_menu_link_color_active":"","ocean_menu_link_background":"","ocean_menu_link_hover_background":"","ocean_menu_link_active_background":"","ocean_menu_social_links_bg":"","ocean_menu_social_hover_links_bg":"","ocean_menu_social_links_color":"","ocean_menu_social_hover_links_color":"","ocean_disable_title":"on","ocean_disable_heading":"default","ocean_post_title":"","ocean_post_subheading":"","ocean_post_title_style":"","ocean_post_title_background_color":"","ocean_post_title_background":0,"ocean_post_title_bg_image_position":"","ocean_post_title_bg_image_attachment":"","ocean_post_title_bg_image_repeat":"","ocean_post_title_bg_image_size":"","ocean_post_title_height":0,"ocean_post_title_bg_overlay":0.5,"ocean_post_title_bg_overlay_color":"","ocean_disable_breadcrumbs":"default","ocean_breadcrumbs_color":"","ocean_breadcrumbs_separator_color":"","ocean_breadcrumbs_links_color":"","ocean_breadcrumbs_links_hover_color":"","ocean_display_footer_widgets":"default","ocean_display_footer_bottom":"default","ocean_custom_footer_template":"","footnotes":""},"class_list":["post-465","page","type-page","status-publish","hentry","entry"],"_links":{"self":[{"href":"https:\/\/prostarrst.rs\/index.php?rest_route=\/wp\/v2\/pages\/465","targetHints":{"allow":["GET"]}}],"collection":[{"href":"https:\/\/prostarrst.rs\/index.php?rest_route=\/wp\/v2\/pages"}],"about":[{"href":"https:\/\/prostarrst.rs\/index.php?rest_route=\/wp\/v2\/types\/page"}],"author":[{"embeddable":true,"href":"https:\/\/prostarrst.rs\/index.php?rest_route=\/wp\/v2\/users\/1"}],"replies":[{"embeddable":true,"href":"https:\/\/prostarrst.rs\/index.php?rest_route=%2Fwp%2Fv2%2Fcomments&post=465"}],"version-history":[{"count":402,"href":"https:\/\/prostarrst.rs\/index.php?rest_route=\/wp\/v2\/pages\/465\/revisions"}],"predecessor-version":[{"id":2047,"href":"https:\/\/prostarrst.rs\/index.php?rest_route=\/wp\/v2\/pages\/465\/revisions\/2047"}],"wp:attachment":[{"href":"https:\/\/prostarrst.rs\/index.php?rest_route=%2Fwp%2Fv2%2Fmedia&parent=465"}],"curies":[{"name":"wp","href":"https:\/\/api.w.org\/{rel}","templated":true}]}}